{"id":82,"date":"2015-09-08T20:21:08","date_gmt":"2015-09-08T20:21:08","guid":{"rendered":"http:\/\/www.casadosfiltrospa.com.br\/novosite\/purificadores\/?page_id=82"},"modified":"2015-10-15T15:37:31","modified_gmt":"2015-10-15T15:37:31","slug":"elementos-filtrantes","status":"publish","type":"page","link":"https:\/\/www.casadosfiltrospa.com.br\/novosite\/purificadores\/elementos-filtrantes\/","title":{"rendered":"Elementos Filtrantes"},"content":{"rendered":"<div id=\"pl-82\"  class=\"panel-layout\" ><div id=\"pg-82-0\"  class=\"panel-grid panel-no-style\" ><div id=\"pgc-82-0-0\"  class=\"panel-grid-cell\" ><div id=\"panel-82-0-0-0\" class=\"so-panel widget widget_black-studio-tinymce widget_black_studio_tinymce panel-first-child panel-last-child\" data-index=\"0\" ><div class=\"textwidget\"><p><img loading=\"lazy\" decoding=\"async\" class=\"alignnone size-full wp-image-147\" src=\"http:\/\/www.casadosfiltrospa.com.br\/novosite\/purificadores\/wp-content\/uploads\/2015\/09\/elementos-filtrantes1.png\" alt=\"elementos filtrantes\" width=\"930\" height=\"280\" srcset=\"https:\/\/www.casadosfiltrospa.com.br\/novosite\/purificadores\/wp-content\/uploads\/2015\/09\/elementos-filtrantes1.png 930w, https:\/\/www.casadosfiltrospa.com.br\/novosite\/purificadores\/wp-content\/uploads\/2015\/09\/elementos-filtrantes1-300x90.png 300w\" sizes=\"auto, (max-width: 930px) 100vw, 930px\" \/><\/p>\n<p>O elemento filtrante ou refil representa a parte interna do filtro de \u00e1gua, respons\u00e1vel pela filtra\u00e7\u00e3o propriamente dita. A \u00e1gua passa pelo elemento filtrante e \u00e9 ele que elimina o cloro e ret\u00e9m part\u00edculas s\u00f3lidas\u00a0como areia, barro, ferrugem, poeiras e outros sedimentos.\u00a0Os elementos filtrantes precisam ser trocados periodicamente para que a qualidade e vaz\u00e3o da \u00e1gua sejam mantidos, fazendo isto voc\u00ea fornece \u00e1gua limpa, pura e cristalina para toda sua fam\u00edlia.<\/p>\n<\/div><\/div><\/div><div id=\"pgc-82-0-1\"  class=\"panel-grid-cell\" ><div id=\"panel-82-0-1-0\" class=\"so-panel widget widget_black-studio-tinymce widget_black_studio_tinymce panel-first-child panel-last-child\" data-index=\"1\" ><div class=\"textwidget\"><p><img loading=\"lazy\" decoding=\"async\" class=\"alignnone size-full wp-image-145\" src=\"http:\/\/www.casadosfiltrospa.com.br\/novosite\/purificadores\/wp-content\/uploads\/2015\/09\/99.png\" alt=\"99\" width=\"682\" height=\"682\" srcset=\"https:\/\/www.casadosfiltrospa.com.br\/novosite\/purificadores\/wp-content\/uploads\/2015\/09\/99.png 682w, https:\/\/www.casadosfiltrospa.com.br\/novosite\/purificadores\/wp-content\/uploads\/2015\/09\/99-150x150.png 150w, https:\/\/www.casadosfiltrospa.com.br\/novosite\/purificadores\/wp-content\/uploads\/2015\/09\/99-300x300.png 300w\" sizes=\"auto, (max-width: 682px) 100vw, 682px\" \/><\/p>\n<\/div><\/div><\/div><\/div><\/div>","protected":false},"excerpt":{"rendered":"<p>O elemento filtrante ou refil representa a parte interna do filtro de \u00e1gua, respons\u00e1vel pela filtra\u00e7\u00e3o propriamente dita. A \u00e1gua passa pelo elemento filtrante e \u00e9 ele que elimina o cloro e ret\u00e9m part\u00edculas s\u00f3lidas\u00a0como areia, barro, ferrugem, poeiras e outros sedimentos.\u00a0Os elementos filtrantes precisam ser trocados periodicamente para que a qualidade e vaz\u00e3o da [&hellip;]<\/p>\n","protected":false},"author":2,"featured_media":0,"parent":0,"menu_order":0,"comment_status":"closed","ping_status":"closed","template":"","meta":{"footnotes":""},"class_list":["post-82","page","type-page","status-publish","hentry","post"],"_links":{"self":[{"href":"https:\/\/www.casadosfiltrospa.com.br\/novosite\/purificadores\/wp-json\/wp\/v2\/pages\/82","targetHints":{"allow":["GET"]}}],"collection":[{"href":"https:\/\/www.casadosfiltrospa.com.br\/novosite\/purificadores\/wp-json\/wp\/v2\/pages"}],"about":[{"href":"https:\/\/www.casadosfiltrospa.com.br\/novosite\/purificadores\/wp-json\/wp\/v2\/types\/page"}],"author":[{"embeddable":true,"href":"https:\/\/www.casadosfiltrospa.com.br\/novosite\/purificadores\/wp-json\/wp\/v2\/users\/2"}],"replies":[{"embeddable":true,"href":"https:\/\/www.casadosfiltrospa.com.br\/novosite\/purificadores\/wp-json\/wp\/v2\/comments?post=82"}],"version-history":[{"count":6,"href":"https:\/\/www.casadosfiltrospa.com.br\/novosite\/purificadores\/wp-json\/wp\/v2\/pages\/82\/revisions"}],"predecessor-version":[{"id":146,"href":"https:\/\/www.casadosfiltrospa.com.br\/novosite\/purificadores\/wp-json\/wp\/v2\/pages\/82\/revisions\/146"}],"wp:attachment":[{"href":"https:\/\/www.casadosfiltrospa.com.br\/novosite\/purificadores\/wp-json\/wp\/v2\/media?parent=82"}],"curies":[{"name":"wp","href":"https:\/\/api.w.org\/{rel}","templated":true}]}}