{"id":79,"date":"2015-09-08T20:20:23","date_gmt":"2015-09-08T20:20:23","guid":{"rendered":"http:\/\/www.casadosfiltrospa.com.br\/novosite\/purificadores\/?page_id=79"},"modified":"2015-10-15T14:52:14","modified_gmt":"2015-10-15T14:52:14","slug":"filtros-de-ponto","status":"publish","type":"page","link":"https:\/\/www.casadosfiltrospa.com.br\/novosite\/purificadores\/filtros-de-ponto\/","title":{"rendered":"Filtros de Ponto"},"content":{"rendered":"<div id=\"pl-79\"  class=\"panel-layout\" ><div id=\"pg-79-0\"  class=\"panel-grid panel-no-style\" ><div id=\"pgc-79-0-0\"  class=\"panel-grid-cell panel-grid-cell-mobile-last\" ><div id=\"panel-79-0-0-0\" class=\"so-panel widget widget_black-studio-tinymce widget_black_studio_tinymce panel-first-child panel-last-child\" data-index=\"0\" ><div class=\"textwidget\"><p><img loading=\"lazy\" decoding=\"async\" class=\"alignnone size-full wp-image-120\" src=\"http:\/\/www.casadosfiltrospa.com.br\/novosite\/purificadores\/wp-content\/uploads\/2015\/09\/filtros-de-ponto.png\" alt=\"filtros de ponto\" width=\"800\" height=\"250\" srcset=\"https:\/\/www.casadosfiltrospa.com.br\/novosite\/purificadores\/wp-content\/uploads\/2015\/09\/filtros-de-ponto.png 800w, https:\/\/www.casadosfiltrospa.com.br\/novosite\/purificadores\/wp-content\/uploads\/2015\/09\/filtros-de-ponto-300x94.png 300w\" sizes=\"auto, (max-width: 800px) 100vw, 800px\" \/><\/p>\n<p>Um filtro de ponto \u00e9 utilizado em um ponto de entrada de \u00e1gua, retendo as part\u00edculas impuras que v\u00eam juntamente com a \u00e1gua.<\/p>\n<p>Ele \u00e9 basicamente constitu\u00eddo de duas partes: carca\u00e7a e elemento filtrante. O elemento filtrante \u00e9 respons\u00e1vel por retirar as part\u00edculas s\u00f3lidas do l\u00edquido, como barro, areia, cloro excessivo, entre outros. Para garantir uma \u00e1gua pura e cristalina, \u00e9 necess\u00e1rio fazer a troca do elemento filtrante a cada 6 meses ou 1 ano, dependendo do fabricante.<\/p>\n<p>Fazemos a troca de seu filtro de ponto em Pouso Alegre e regi\u00e3o.<\/p>\n<p>\u00a0<\/p>\n<\/div><\/div><\/div><div id=\"pgc-79-0-1\"  class=\"panel-grid-cell panel-grid-cell-empty\" ><\/div><\/div><\/div>","protected":false},"excerpt":{"rendered":"<p>Um filtro de ponto \u00e9 utilizado em um ponto de entrada de \u00e1gua, retendo as part\u00edculas impuras que v\u00eam juntamente com a \u00e1gua.Ele \u00e9 basicamente constitu\u00eddo de duas partes: carca\u00e7a e elemento filtrante. O elemento filtrante \u00e9 respons\u00e1vel por retirar as part\u00edculas s\u00f3lidas do l\u00edquido, como barro, areia, cloro excessivo, entre outros. Para garantir uma [&hellip;]<\/p>\n","protected":false},"author":2,"featured_media":0,"parent":0,"menu_order":0,"comment_status":"closed","ping_status":"closed","template":"templates\/template-full.php","meta":{"footnotes":""},"class_list":["post-79","page","type-page","status-publish","hentry","post"],"_links":{"self":[{"href":"https:\/\/www.casadosfiltrospa.com.br\/novosite\/purificadores\/wp-json\/wp\/v2\/pages\/79","targetHints":{"allow":["GET"]}}],"collection":[{"href":"https:\/\/www.casadosfiltrospa.com.br\/novosite\/purificadores\/wp-json\/wp\/v2\/pages"}],"about":[{"href":"https:\/\/www.casadosfiltrospa.com.br\/novosite\/purificadores\/wp-json\/wp\/v2\/types\/page"}],"author":[{"embeddable":true,"href":"https:\/\/www.casadosfiltrospa.com.br\/novosite\/purificadores\/wp-json\/wp\/v2\/users\/2"}],"replies":[{"embeddable":true,"href":"https:\/\/www.casadosfiltrospa.com.br\/novosite\/purificadores\/wp-json\/wp\/v2\/comments?post=79"}],"version-history":[{"count":7,"href":"https:\/\/www.casadosfiltrospa.com.br\/novosite\/purificadores\/wp-json\/wp\/v2\/pages\/79\/revisions"}],"predecessor-version":[{"id":143,"href":"https:\/\/www.casadosfiltrospa.com.br\/novosite\/purificadores\/wp-json\/wp\/v2\/pages\/79\/revisions\/143"}],"wp:attachment":[{"href":"https:\/\/www.casadosfiltrospa.com.br\/novosite\/purificadores\/wp-json\/wp\/v2\/media?parent=79"}],"curies":[{"name":"wp","href":"https:\/\/api.w.org\/{rel}","templated":true}]}}