{"id":73,"date":"2015-09-08T20:19:10","date_gmt":"2015-09-08T20:19:10","guid":{"rendered":"http:\/\/www.casadosfiltrospa.com.br\/novosite\/purificadores\/?page_id=73"},"modified":"2015-10-08T16:53:36","modified_gmt":"2015-10-08T16:53:36","slug":"filtros-de-agua-central","status":"publish","type":"page","link":"https:\/\/www.casadosfiltrospa.com.br\/novosite\/purificadores\/filtros-de-agua-central\/","title":{"rendered":"Filtros de \u00c1gua Central"},"content":{"rendered":"<div id=\"pl-73\"  class=\"panel-layout\" ><div id=\"pg-73-0\"  class=\"panel-grid panel-no-style\" ><div id=\"pgc-73-0-0\"  class=\"panel-grid-cell panel-grid-cell-mobile-last\" ><div id=\"panel-73-0-0-0\" class=\"so-panel widget widget_black-studio-tinymce widget_black_studio_tinymce panel-first-child panel-last-child\" data-index=\"0\" ><div class=\"textwidget\"><p><img loading=\"lazy\" decoding=\"async\" class=\"alignnone size-full wp-image-133\" src=\"http:\/\/www.casadosfiltrospa.com.br\/novosite\/purificadores\/wp-content\/uploads\/2015\/09\/filtros-de-agua-central1.png\" alt=\"filtros de agua central\" width=\"800\" height=\"250\" srcset=\"https:\/\/www.casadosfiltrospa.com.br\/novosite\/purificadores\/wp-content\/uploads\/2015\/09\/filtros-de-agua-central1.png 800w, https:\/\/www.casadosfiltrospa.com.br\/novosite\/purificadores\/wp-content\/uploads\/2015\/09\/filtros-de-agua-central1-300x94.png 300w\" sizes=\"auto, (max-width: 800px) 100vw, 800px\" \/><\/p>\n<p>Os filtros centrais tornaram-se equipamentos indispens\u00e1veis para se obter \u00e1gua saud\u00e1vel, pot\u00e1vel ou utiliz\u00e1vel em qualquer tipo de instala\u00e7\u00e3o, pois podem ser utilizados em ind\u00fastrias, com\u00e9rcios, condom\u00ednios, resid\u00eancias, escolas, hospitais, padarias, etc. <\/p>\n<p>Os filtros devem ser instalados na entrada da rede de abastecimento de \u00e1gua, evitando que toda a sujeira (ferrugem, sedimentos, barro, areia, etc.) e outras part\u00edculas s\u00f3lidas entrem em sua caixa d'\u00e1gua e passem por toda a tubula\u00e7\u00e3o e equipamentos que utilizam \u00e1gua. O Filtro central pode duplicar a vida \u00fatil de tubula\u00e7\u00f5es, chuveiros, aquecedores, bombas de \u00e1gua, caldeiras, torres de refrigera\u00e7\u00e3o, injetores, etc.<\/p>\n<p>E o mais importante, o Filtro Central garante \u00e1gua filtrada em todos os pontos de consumo.<\/p>\n<\/div><\/div><\/div><div id=\"pgc-73-0-1\"  class=\"panel-grid-cell panel-grid-cell-empty\" ><\/div><\/div><\/div>","protected":false},"excerpt":{"rendered":"<p>Os filtros centrais tornaram-se equipamentos indispens\u00e1veis para se obter \u00e1gua saud\u00e1vel, pot\u00e1vel ou utiliz\u00e1vel em qualquer tipo de instala\u00e7\u00e3o, pois podem ser utilizados em ind\u00fastrias, com\u00e9rcios, condom\u00ednios, resid\u00eancias, escolas, hospitais, padarias, etc. Os filtros devem ser instalados na entrada da rede de abastecimento de \u00e1gua, evitando que toda a sujeira (ferrugem, sedimentos, barro, areia, etc.) [&hellip;]<\/p>\n","protected":false},"author":2,"featured_media":0,"parent":0,"menu_order":0,"comment_status":"closed","ping_status":"closed","template":"templates\/template-full.php","meta":{"footnotes":""},"class_list":["post-73","page","type-page","status-publish","hentry","post"],"_links":{"self":[{"href":"https:\/\/www.casadosfiltrospa.com.br\/novosite\/purificadores\/wp-json\/wp\/v2\/pages\/73","targetHints":{"allow":["GET"]}}],"collection":[{"href":"https:\/\/www.casadosfiltrospa.com.br\/novosite\/purificadores\/wp-json\/wp\/v2\/pages"}],"about":[{"href":"https:\/\/www.casadosfiltrospa.com.br\/novosite\/purificadores\/wp-json\/wp\/v2\/types\/page"}],"author":[{"embeddable":true,"href":"https:\/\/www.casadosfiltrospa.com.br\/novosite\/purificadores\/wp-json\/wp\/v2\/users\/2"}],"replies":[{"embeddable":true,"href":"https:\/\/www.casadosfiltrospa.com.br\/novosite\/purificadores\/wp-json\/wp\/v2\/comments?post=73"}],"version-history":[{"count":5,"href":"https:\/\/www.casadosfiltrospa.com.br\/novosite\/purificadores\/wp-json\/wp\/v2\/pages\/73\/revisions"}],"predecessor-version":[{"id":135,"href":"https:\/\/www.casadosfiltrospa.com.br\/novosite\/purificadores\/wp-json\/wp\/v2\/pages\/73\/revisions\/135"}],"wp:attachment":[{"href":"https:\/\/www.casadosfiltrospa.com.br\/novosite\/purificadores\/wp-json\/wp\/v2\/media?parent=73"}],"curies":[{"name":"wp","href":"https:\/\/api.w.org\/{rel}","templated":true}]}}