{"id":24,"date":"2015-08-27T14:48:38","date_gmt":"2015-08-27T14:48:38","guid":{"rendered":"http:\/\/www.casadosfiltrospa.com.br\/novosite\/purificadores\/?page_id=24"},"modified":"2015-10-22T15:56:20","modified_gmt":"2015-10-22T15:56:20","slug":"quem-somos","status":"publish","type":"page","link":"https:\/\/www.casadosfiltrospa.com.br\/novosite\/purificadores\/quem-somos\/","title":{"rendered":"Quem Somos"},"content":{"rendered":"<div id=\"pl-24\"  class=\"panel-layout\" ><div id=\"pg-24-0\"  class=\"panel-grid panel-no-style\" ><div id=\"pgc-24-0-0\"  class=\"panel-grid-cell\" ><div id=\"panel-24-0-0-0\" class=\"so-panel widget widget_black-studio-tinymce widget_black_studio_tinymce panel-first-child panel-last-child\" data-index=\"0\" ><div class=\"textwidget\"><p>A Casa dos Filtros PA atua h\u00e1 20 anos na regi\u00e3o do Sul de Minas Gerais, na venda instala\u00e7\u00e3o e manuten\u00e7\u00e3o de aquecedor solar, aquecedor \u00e0 g\u00e1s, purificadores de \u00e1gua, filtros de \u00e1gua, cartuchos\/elementos filtrantes para filtros de \u00e1gua, bebedouros e bombas.<\/p>\n<p>Trabalhamos com marcas l\u00edder no mercado nacional, o que garante oferecer aos clientes produtos de extrema qualidade e efici\u00eancia.<\/p>\n<p>Com uma estrutura forte em modernas instala\u00e7\u00f5es na regi\u00e3o central da cidade de Pouso Alegre\/MG, temos capacidade para absorver grandes projetos e obras al\u00e9m de contar com t\u00e9cnicos especializados e vendedores capacitados para atender ao mais exigente cliente.<\/p>\n<p><img loading=\"lazy\" decoding=\"async\" class=\"alignnone size-full wp-image-149\" src=\"http:\/\/www.casadosfiltrospa.com.br\/novosite\/purificadores\/wp-content\/uploads\/2015\/08\/todas.jpg\" alt=\"todas\" width=\"1626\" height=\"645\" srcset=\"https:\/\/www.casadosfiltrospa.com.br\/novosite\/purificadores\/wp-content\/uploads\/2015\/08\/todas.jpg 1626w, https:\/\/www.casadosfiltrospa.com.br\/novosite\/purificadores\/wp-content\/uploads\/2015\/08\/todas-300x119.jpg 300w, https:\/\/www.casadosfiltrospa.com.br\/novosite\/purificadores\/wp-content\/uploads\/2015\/08\/todas-1024x406.jpg 1024w\" sizes=\"auto, (max-width: 1626px) 100vw, 1626px\" \/><br \/>Nossos clientes: Yoki Alimentos LTDA., Unilever Brasil Alimentos, Tigre, Cl\u00ednica Santa Paula, Centro M\u00e9dico de Pouso Alegre, M\u00e9thodos Laborat\u00f3rio, Corpus Centro de Diagn\u00f3stico, Hospital Regional de Pouso Alegre, ETE, Leucotron, Hospital Ant\u00f4nio Moreira da Costa, FAI, MCM, Mattos Cal\u00e7ados entre outros.<\/p>\n<p>Conte com a Casa dos Filtros PA e tenha certeza de receber produtos e servi\u00e7os da mais alta qualidade e com a confiabilidade que voc\u00ea merece<\/p>\n<\/div><\/div><\/div><div id=\"pgc-24-0-1\"  class=\"panel-grid-cell\" ><div id=\"panel-24-0-1-0\" class=\"so-panel widget widget_black-studio-tinymce widget_black_studio_tinymce panel-first-child panel-last-child\" data-index=\"1\" ><div class=\"textwidget\"><p><iframe loading=\"lazy\" src=\"https:\/\/www.google.com\/maps\/embed?pb=!1m14!1m8!1m3!1d14773.306099379548!2d-45.9331874!3d-22.2276866!3m2!1i1024!2i768!4f13.1!3m3!1m2!1s0x0%3A0x8dba1dd419674ad8!2sCasa+dos+Filtros+-+Energia+Solar%2C+Purificadores+e+Aquecedor+Solar!5e0!3m2!1spt-BR!2sbr!4v1444919062680\" width=\"600\" height=\"450\" frameborder=\"0\" style=\"border:0\" allowfullscreen><\/iframe><\/p>\n<\/div><\/div><\/div><\/div><\/div>","protected":false},"excerpt":{"rendered":"<p>A Casa dos Filtros PA atua h\u00e1 20 anos na regi\u00e3o do Sul de Minas Gerais, na venda instala\u00e7\u00e3o e manuten\u00e7\u00e3o de aquecedor solar, aquecedor \u00e0 g\u00e1s, purificadores de \u00e1gua, filtros de \u00e1gua, cartuchos\/elementos filtrantes para filtros de \u00e1gua, bebedouros e bombas. Trabalhamos com marcas l\u00edder no mercado nacional, o que garante oferecer aos clientes [&hellip;]<\/p>\n","protected":false},"author":2,"featured_media":0,"parent":0,"menu_order":0,"comment_status":"closed","ping_status":"open","template":"templates\/template-full.php","meta":{"footnotes":""},"class_list":["post-24","page","type-page","status-publish","hentry","post"],"_links":{"self":[{"href":"https:\/\/www.casadosfiltrospa.com.br\/novosite\/purificadores\/wp-json\/wp\/v2\/pages\/24","targetHints":{"allow":["GET"]}}],"collection":[{"href":"https:\/\/www.casadosfiltrospa.com.br\/novosite\/purificadores\/wp-json\/wp\/v2\/pages"}],"about":[{"href":"https:\/\/www.casadosfiltrospa.com.br\/novosite\/purificadores\/wp-json\/wp\/v2\/types\/page"}],"author":[{"embeddable":true,"href":"https:\/\/www.casadosfiltrospa.com.br\/novosite\/purificadores\/wp-json\/wp\/v2\/users\/2"}],"replies":[{"embeddable":true,"href":"https:\/\/www.casadosfiltrospa.com.br\/novosite\/purificadores\/wp-json\/wp\/v2\/comments?post=24"}],"version-history":[{"count":8,"href":"https:\/\/www.casadosfiltrospa.com.br\/novosite\/purificadores\/wp-json\/wp\/v2\/pages\/24\/revisions"}],"predecessor-version":[{"id":140,"href":"https:\/\/www.casadosfiltrospa.com.br\/novosite\/purificadores\/wp-json\/wp\/v2\/pages\/24\/revisions\/140"}],"wp:attachment":[{"href":"https:\/\/www.casadosfiltrospa.com.br\/novosite\/purificadores\/wp-json\/wp\/v2\/media?parent=24"}],"curies":[{"name":"wp","href":"https:\/\/api.w.org\/{rel}","templated":true}]}}