{"id":12,"date":"2015-08-27T14:46:11","date_gmt":"2015-08-27T14:46:11","guid":{"rendered":"http:\/\/www.casadosfiltrospa.com.br\/novosite\/purificadores\/?page_id=12"},"modified":"2015-10-15T14:47:43","modified_gmt":"2015-10-15T14:47:43","slug":"beneficios-da-agua","status":"publish","type":"page","link":"https:\/\/www.casadosfiltrospa.com.br\/novosite\/purificadores\/beneficios-da-agua\/","title":{"rendered":"Benef\u00edcios"},"content":{"rendered":"<div id=\"pl-12\"  class=\"panel-layout\" ><div id=\"pg-12-0\"  class=\"panel-grid panel-no-style\" ><div id=\"pgc-12-0-0\"  class=\"panel-grid-cell panel-grid-cell-mobile-last\" ><div id=\"panel-12-0-0-0\" class=\"so-panel widget widget_black-studio-tinymce widget_black_studio_tinymce panel-first-child\" data-index=\"0\" ><div class=\"textwidget\"><p><img loading=\"lazy\" decoding=\"async\" class=\"alignnone size-full wp-image-141\" src=\"http:\/\/www.casadosfiltrospa.com.br\/novosite\/purificadores\/wp-content\/uploads\/2015\/08\/p\u00e1gina-benef\u00edcios1.png\" alt=\"p\u00e1gina benef\u00edcios\" width=\"800\" height=\"355\" srcset=\"https:\/\/www.casadosfiltrospa.com.br\/novosite\/purificadores\/wp-content\/uploads\/2015\/08\/p\u00e1gina-benef\u00edcios1.png 800w, https:\/\/www.casadosfiltrospa.com.br\/novosite\/purificadores\/wp-content\/uploads\/2015\/08\/p\u00e1gina-benef\u00edcios1-300x133.png 300w\" sizes=\"auto, (max-width: 800px) 100vw, 800px\" \/><\/p>\n<p>Pode ter certeza: \u00c1gua pura n\u00e3o \u00e9 conversa da m\u00eddia. Pense comigo, a \u00e1gua uma parte essencial de seu dia-a-dia. Ela est\u00e1 presente quando voc\u00ea prepara a sopa favorita da sua fam\u00edlia, a mamadeira do seu filho ou quando voc\u00ea desfruta de uma x\u00edcara de ch\u00e1 depois de um dia agitado. N\u00f3s somos o que bebemos. Ser\u00e1 que n\u00e3o \u00e9 hora de voc\u00ea beber \u00e1gua com confian\u00e7a?<\/p>\n<\/div><\/div><div id=\"panel-12-0-0-1\" class=\"so-panel widget widget_black-studio-tinymce widget_black_studio_tinymce panel-last-child\" data-index=\"1\" ><h3 class=\"widget-title\">O seu bolso agradece<\/h3><div class=\"textwidget\"><p>Fa\u00e7a as contas - o que \u00e9 mais vantajoso e mais pr\u00e1tico: ter \u00e1gua dispon\u00edvel 24 horas por dia sem se preocupar com aquele gal\u00e3o pesado que demora pra chegar, ou ter um purificador logo al\u00ed em sua cozinha? Al\u00e9m disso, quantos gal\u00f5es de \u00e1gua voc\u00ea compra no decorrer de um ano? Enquanto poderia ter comprado apenas um elemento filtrante (refil)\u00a0que dura em m\u00e9dia 12 meses.<\/p>\n<p>Os n\u00fameros n\u00e3o mentem, nem a praticidade\u2026 Ter seu filtro \u00e9 muito mais vantajoso e f\u00e1cil.<\/p>\n<\/div><\/div><\/div><div id=\"pgc-12-0-1\"  class=\"panel-grid-cell panel-grid-cell-empty\" ><\/div><\/div><\/div>","protected":false},"excerpt":{"rendered":"<p>Pode ter certeza: \u00c1gua pura n\u00e3o \u00e9 conversa da m\u00eddia. Pense comigo, a \u00e1gua uma parte essencial de seu dia-a-dia. Ela est\u00e1 presente quando voc\u00ea prepara a sopa favorita da sua fam\u00edlia, a mamadeira do seu filho ou quando voc\u00ea desfruta de uma x\u00edcara de ch\u00e1 depois de um dia agitado. N\u00f3s somos o que [&hellip;]<\/p>\n","protected":false},"author":2,"featured_media":0,"parent":0,"menu_order":0,"comment_status":"closed","ping_status":"open","template":"templates\/template-full.php","meta":{"footnotes":""},"class_list":["post-12","page","type-page","status-publish","hentry","post"],"_links":{"self":[{"href":"https:\/\/www.casadosfiltrospa.com.br\/novosite\/purificadores\/wp-json\/wp\/v2\/pages\/12","targetHints":{"allow":["GET"]}}],"collection":[{"href":"https:\/\/www.casadosfiltrospa.com.br\/novosite\/purificadores\/wp-json\/wp\/v2\/pages"}],"about":[{"href":"https:\/\/www.casadosfiltrospa.com.br\/novosite\/purificadores\/wp-json\/wp\/v2\/types\/page"}],"author":[{"embeddable":true,"href":"https:\/\/www.casadosfiltrospa.com.br\/novosite\/purificadores\/wp-json\/wp\/v2\/users\/2"}],"replies":[{"embeddable":true,"href":"https:\/\/www.casadosfiltrospa.com.br\/novosite\/purificadores\/wp-json\/wp\/v2\/comments?post=12"}],"version-history":[{"count":11,"href":"https:\/\/www.casadosfiltrospa.com.br\/novosite\/purificadores\/wp-json\/wp\/v2\/pages\/12\/revisions"}],"predecessor-version":[{"id":142,"href":"https:\/\/www.casadosfiltrospa.com.br\/novosite\/purificadores\/wp-json\/wp\/v2\/pages\/12\/revisions\/142"}],"wp:attachment":[{"href":"https:\/\/www.casadosfiltrospa.com.br\/novosite\/purificadores\/wp-json\/wp\/v2\/media?parent=12"}],"curies":[{"name":"wp","href":"https:\/\/api.w.org\/{rel}","templated":true}]}}